{"id":150,"date":"2020-04-30T14:57:56","date_gmt":"2020-04-30T14:57:56","guid":{"rendered":"https:\/\/d-impact.hr_el\/?page_id=150"},"modified":"2024-01-14T23:15:03","modified_gmt":"2024-01-14T23:15:03","slug":"o-nama","status":"publish","type":"page","link":"https:\/\/d-impact.hr\/en\/about-us\/","title":{"rendered":"ABOUT US"},"content":{"rendered":"","protected":false},"excerpt":{"rendered":"","protected":false},"author":1,"featured_media":0,"parent":0,"menu_order":0,"comment_status":"open","ping_status":"closed","template":"","meta":{"footnotes":""},"class_list":["post-150","page","type-page","status-publish","hentry"],"yoast_head":"<!-- This site is optimized with the Yoast SEO plugin v22.7 - https:\/\/yoast.com\/wordpress\/plugins\/seo\/ -->\n<title>O NAMA - D-Impact.hr<\/title>\n<meta name=\"description\" content=\"D-impact d.o.o. nudi uslugu savjetovanja i stru\u010dnu podr\u0161ku u cilju unapre\u0111enja poslovnih procesa i pove\u0107anja produktivnosti.\" \/>\n<meta name=\"robots\" content=\"index, follow, max-snippet:-1, max-image-preview:large, max-video-preview:-1\" \/>\n<link rel=\"canonical\" href=\"https:\/\/d-impact.hr\/en\/about-us\/\" \/>\n<meta property=\"og:locale\" content=\"en_GB\" \/>\n<meta property=\"og:type\" content=\"article\" \/>\n<meta property=\"og:title\" content=\"O NAMA - D-Impact.hr\" \/>\n<meta property=\"og:description\" content=\"D-impact d.o.o. nudi uslugu savjetovanja i stru\u010dnu podr\u0161ku u cilju unapre\u0111enja poslovnih procesa i pove\u0107anja produktivnosti.\" \/>\n<meta property=\"og:url\" content=\"https:\/\/d-impact.hr\/en\/about-us\/\" \/>\n<meta property=\"og:site_name\" content=\"D-Impact.hr\" \/>\n<meta property=\"article:modified_time\" content=\"2024-01-14T23:15:03+00:00\" \/>\n<meta property=\"og:image\" content=\"https:\/\/d-impact.hr\/wp-content\/uploads\/2023\/12\/D-IMPACT-LOGO-449X120.png\" \/>\n\t<meta property=\"og:image:width\" content=\"449\" \/>\n\t<meta property=\"og:image:height\" content=\"120\" \/>\n\t<meta property=\"og:image:type\" content=\"image\/png\" \/>\n<meta name=\"twitter:card\" content=\"summary_large_image\" \/>\n<script type=\"application\/ld+json\" class=\"yoast-schema-graph\">{\"@context\":\"https:\/\/schema.org\",\"@graph\":[{\"@type\":\"WebPage\",\"@id\":\"https:\/\/d-impact.hr\/o-nama\/\",\"url\":\"https:\/\/d-impact.hr\/o-nama\/\",\"name\":\"O NAMA - D-Impact.hr\",\"isPartOf\":{\"@id\":\"https:\/\/d-impact.hr\/#website\"},\"datePublished\":\"2020-04-30T14:57:56+00:00\",\"dateModified\":\"2024-01-14T23:15:03+00:00\",\"description\":\"D-impact d.o.o. nudi uslugu savjetovanja i stru\u010dnu podr\u0161ku u cilju unapre\u0111enja poslovnih procesa i pove\u0107anja produktivnosti.\",\"breadcrumb\":{\"@id\":\"https:\/\/d-impact.hr\/o-nama\/#breadcrumb\"},\"inLanguage\":\"en-GB\",\"potentialAction\":[{\"@type\":\"ReadAction\",\"target\":[\"https:\/\/d-impact.hr\/o-nama\/\"]}]},{\"@type\":\"BreadcrumbList\",\"@id\":\"https:\/\/d-impact.hr\/o-nama\/#breadcrumb\",\"itemListElement\":[{\"@type\":\"ListItem\",\"position\":1,\"name\":\"Po\u010detna stranica\",\"item\":\"https:\/\/d-impact.hr\/\"},{\"@type\":\"ListItem\",\"position\":2,\"name\":\"O NAMA\"}]},{\"@type\":\"WebSite\",\"@id\":\"https:\/\/d-impact.hr\/#website\",\"url\":\"https:\/\/d-impact.hr\/\",\"name\":\"D-Impact.hr\",\"description\":\"Unapre\u0111enje poslovnih procesa\",\"publisher\":{\"@id\":\"https:\/\/d-impact.hr\/#organization\"},\"alternateName\":\"Unapre\u0111enje poslovnih procesa\",\"potentialAction\":[{\"@type\":\"SearchAction\",\"target\":{\"@type\":\"EntryPoint\",\"urlTemplate\":\"https:\/\/d-impact.hr\/?s={search_term_string}\"},\"query-input\":\"required name=search_term_string\"}],\"inLanguage\":\"en-GB\"},{\"@type\":\"Organization\",\"@id\":\"https:\/\/d-impact.hr\/#organization\",\"name\":\"D-impact d.o.o.\",\"alternateName\":\"Unapre\u0111enje poslovnih procesa\",\"url\":\"https:\/\/d-impact.hr\/\",\"logo\":{\"@type\":\"ImageObject\",\"inLanguage\":\"en-GB\",\"@id\":\"https:\/\/d-impact.hr\/#\/schema\/logo\/image\/\",\"url\":\"https:\/\/d-impact.hr\/wp-content\/uploads\/2023\/12\/cropped-D-IMPACT-LOGO-225X60.png\",\"contentUrl\":\"https:\/\/d-impact.hr\/wp-content\/uploads\/2023\/12\/cropped-D-IMPACT-LOGO-225X60.png\",\"width\":225,\"height\":55,\"caption\":\"D-impact d.o.o.\"},\"image\":{\"@id\":\"https:\/\/d-impact.hr\/#\/schema\/logo\/image\/\"},\"sameAs\":[\"https:\/\/www.linkedin.com\/in\/dajana-pekaric-54285b1b\/?originalSubdomain=hr\"]}]}<\/script>\n<!-- \/ Yoast SEO plugin. -->","yoast_head_json":{"title":"O NAMA - D-Impact.hr","description":"D-impact d.o.o. nudi uslugu savjetovanja i stru\u010dnu podr\u0161ku u cilju unapre\u0111enja poslovnih procesa i pove\u0107anja produktivnosti.","robots":{"index":"index","follow":"follow","max-snippet":"max-snippet:-1","max-image-preview":"max-image-preview:large","max-video-preview":"max-video-preview:-1"},"canonical":"https:\/\/d-impact.hr\/en\/about-us\/","og_locale":"en_GB","og_type":"article","og_title":"O NAMA - D-Impact.hr","og_description":"D-impact d.o.o. nudi uslugu savjetovanja i stru\u010dnu podr\u0161ku u cilju unapre\u0111enja poslovnih procesa i pove\u0107anja produktivnosti.","og_url":"https:\/\/d-impact.hr\/en\/about-us\/","og_site_name":"D-Impact.hr","article_modified_time":"2024-01-14T23:15:03+00:00","og_image":[{"width":449,"height":120,"url":"https:\/\/d-impact.hr\/wp-content\/uploads\/2023\/12\/D-IMPACT-LOGO-449X120.png","type":"image\/png"}],"twitter_card":"summary_large_image","schema":{"@context":"https:\/\/schema.org","@graph":[{"@type":"WebPage","@id":"https:\/\/d-impact.hr\/o-nama\/","url":"https:\/\/d-impact.hr\/o-nama\/","name":"O NAMA - D-Impact.hr","isPartOf":{"@id":"https:\/\/d-impact.hr\/#website"},"datePublished":"2020-04-30T14:57:56+00:00","dateModified":"2024-01-14T23:15:03+00:00","description":"D-impact d.o.o. nudi uslugu savjetovanja i stru\u010dnu podr\u0161ku u cilju unapre\u0111enja poslovnih procesa i pove\u0107anja produktivnosti.","breadcrumb":{"@id":"https:\/\/d-impact.hr\/o-nama\/#breadcrumb"},"inLanguage":"en-GB","potentialAction":[{"@type":"ReadAction","target":["https:\/\/d-impact.hr\/o-nama\/"]}]},{"@type":"BreadcrumbList","@id":"https:\/\/d-impact.hr\/o-nama\/#breadcrumb","itemListElement":[{"@type":"ListItem","position":1,"name":"Po\u010detna stranica","item":"https:\/\/d-impact.hr\/"},{"@type":"ListItem","position":2,"name":"O NAMA"}]},{"@type":"WebSite","@id":"https:\/\/d-impact.hr\/#website","url":"https:\/\/d-impact.hr\/","name":"D-Impact.hr","description":"Unapre\u0111enje poslovnih procesa","publisher":{"@id":"https:\/\/d-impact.hr\/#organization"},"alternateName":"Unapre\u0111enje poslovnih procesa","potentialAction":[{"@type":"SearchAction","target":{"@type":"EntryPoint","urlTemplate":"https:\/\/d-impact.hr\/?s={search_term_string}"},"query-input":"required name=search_term_string"}],"inLanguage":"en-GB"},{"@type":"Organization","@id":"https:\/\/d-impact.hr\/#organization","name":"D-impact d.o.o.","alternateName":"Unapre\u0111enje poslovnih procesa","url":"https:\/\/d-impact.hr\/","logo":{"@type":"ImageObject","inLanguage":"en-GB","@id":"https:\/\/d-impact.hr\/#\/schema\/logo\/image\/","url":"https:\/\/d-impact.hr\/wp-content\/uploads\/2023\/12\/cropped-D-IMPACT-LOGO-225X60.png","contentUrl":"https:\/\/d-impact.hr\/wp-content\/uploads\/2023\/12\/cropped-D-IMPACT-LOGO-225X60.png","width":225,"height":55,"caption":"D-impact d.o.o."},"image":{"@id":"https:\/\/d-impact.hr\/#\/schema\/logo\/image\/"},"sameAs":["https:\/\/www.linkedin.com\/in\/dajana-pekaric-54285b1b\/?originalSubdomain=hr"]}]}},"_links":{"self":[{"href":"https:\/\/d-impact.hr\/en\/wp-json\/wp\/v2\/pages\/150","targetHints":{"allow":["GET"]}}],"collection":[{"href":"https:\/\/d-impact.hr\/en\/wp-json\/wp\/v2\/pages"}],"about":[{"href":"https:\/\/d-impact.hr\/en\/wp-json\/wp\/v2\/types\/page"}],"author":[{"embeddable":true,"href":"https:\/\/d-impact.hr\/en\/wp-json\/wp\/v2\/users\/1"}],"replies":[{"embeddable":true,"href":"https:\/\/d-impact.hr\/en\/wp-json\/wp\/v2\/comments?post=150"}],"version-history":[{"count":2,"href":"https:\/\/d-impact.hr\/en\/wp-json\/wp\/v2\/pages\/150\/revisions"}],"predecessor-version":[{"id":417,"href":"https:\/\/d-impact.hr\/en\/wp-json\/wp\/v2\/pages\/150\/revisions\/417"}],"wp:attachment":[{"href":"https:\/\/d-impact.hr\/en\/wp-json\/wp\/v2\/media?parent=150"}],"curies":[{"name":"wp","href":"https:\/\/api.w.org\/{rel}","templated":true}]}}